{"id":182,"date":"2024-05-07T13:49:45","date_gmt":"2024-05-07T13:49:45","guid":{"rendered":"https:\/\/new.rueckenwind-physiotherapie.de\/?page_id=182"},"modified":"2024-06-25T15:47:08","modified_gmt":"2024-06-25T15:47:08","slug":"impressum","status":"publish","type":"page","link":"https:\/\/rueckenwind-physiotherapie.de\/?page_id=182","title":{"rendered":"Impressum"},"content":{"rendered":"\t\t<div data-elementor-type=\"wp-page\" data-elementor-id=\"182\" class=\"elementor elementor-182\" data-elementor-post-type=\"page\">\n\t\t\t\t<div class=\"elementor-element elementor-element-557cb0e e-flex e-con-boxed e-con e-parent\" data-id=\"557cb0e\" data-element_type=\"container\" data-settings=\"{&quot;background_background&quot;:&quot;slideshow&quot;,&quot;background_slideshow_gallery&quot;:[{&quot;id&quot;:184,&quot;url&quot;:&quot;https:\\\/\\\/rueckenwind-physiotherapie.de\\\/wp-content\\\/uploads\\\/2024\\\/05\\\/banner.jpeg&quot;}],&quot;background_slideshow_loop&quot;:&quot;yes&quot;,&quot;background_slideshow_slide_duration&quot;:5000,&quot;background_slideshow_slide_transition&quot;:&quot;fade&quot;,&quot;background_slideshow_transition_duration&quot;:500}\">\n\t\t\t\t\t<div class=\"e-con-inner\">\n\t\t\t\t<div class=\"elementor-element elementor-element-4daf199 elementor-widget elementor-widget-spacer\" data-id=\"4daf199\" data-element_type=\"widget\" data-widget_type=\"spacer.default\">\n\t\t\t\t<div class=\"elementor-widget-container\">\n\t\t\t\t\t\t\t<div class=\"elementor-spacer\">\n\t\t\t<div class=\"elementor-spacer-inner\"><\/div>\n\t\t<\/div>\n\t\t\t\t\t\t<\/div>\n\t\t\t\t<\/div>\n\t\t\t\t<div class=\"elementor-element elementor-element-ac179ad elementor-widget elementor-widget-heading\" data-id=\"ac179ad\" data-element_type=\"widget\" data-widget_type=\"heading.default\">\n\t\t\t\t<div class=\"elementor-widget-container\">\n\t\t\t\t\t<h2 class=\"elementor-heading-title elementor-size-default\">Impressum\n<\/h2>\t\t\t\t<\/div>\n\t\t\t\t<\/div>\n\t\t\t\t<div class=\"elementor-element elementor-element-6052f9c elementor-widget elementor-widget-spacer\" data-id=\"6052f9c\" data-element_type=\"widget\" data-widget_type=\"spacer.default\">\n\t\t\t\t<div class=\"elementor-widget-container\">\n\t\t\t\t\t\t\t<div class=\"elementor-spacer\">\n\t\t\t<div class=\"elementor-spacer-inner\"><\/div>\n\t\t<\/div>\n\t\t\t\t\t\t<\/div>\n\t\t\t\t<\/div>\n\t\t\t\t\t<\/div>\n\t\t\t\t<\/div>\n\t\t<div class=\"elementor-element elementor-element-2373d6a e-flex e-con-boxed e-con e-parent\" data-id=\"2373d6a\" data-element_type=\"container\">\n\t\t\t\t\t<div class=\"e-con-inner\">\n\t\t\t\t<div class=\"elementor-element elementor-element-f7d4f15 elementor-widget elementor-widget-spacer\" data-id=\"f7d4f15\" data-element_type=\"widget\" data-widget_type=\"spacer.default\">\n\t\t\t\t<div class=\"elementor-widget-container\">\n\t\t\t\t\t\t\t<div class=\"elementor-spacer\">\n\t\t\t<div class=\"elementor-spacer-inner\"><\/div>\n\t\t<\/div>\n\t\t\t\t\t\t<\/div>\n\t\t\t\t<\/div>\n\t\t\t\t<div class=\"elementor-element elementor-element-ff83791 elementor-widget elementor-widget-text-editor\" data-id=\"ff83791\" data-element_type=\"widget\" data-widget_type=\"text-editor.default\">\n\t\t\t\t<div class=\"elementor-widget-container\">\n\t\t\t\t\t\t\t\t\t<p>R\u00fcckenwind GmbH \u2013 Zentrum f\u00fcr R\u00fccken- &amp; Physiotherapie<br \/>Im Teelbruch 130<\/p><p>45219 Essen-Kettwig<\/p><p>Telefon: 02054 9384808<br \/>Fax: 02054 9384846<br \/>Mail: gundi@rueckenwind-physiotherapie.de<\/p><p>HRB: Amtsgericht Essen 21101<br \/>Steuer-Nr.: 112\/5784\/0824, Finanzamt Essen-S\u00fcd<\/p><p>Gesch\u00e4ftsf\u00fchrer: Gundula Mayer-Ansch\u00fctz<br \/>Redaktionell verantwortlich: Gundula Mayer-Ansch\u00fctz<\/p>\t\t\t\t\t\t\t\t<\/div>\n\t\t\t\t<\/div>\n\t\t\t\t\t<\/div>\n\t\t\t\t<\/div>\n\t\t\t\t<\/div>\n\t\t","protected":false},"excerpt":{"rendered":"<p>Impressum R\u00fcckenwind GmbH \u2013 Zentrum f\u00fcr R\u00fccken- &amp; PhysiotherapieIm Teelbruch 130 45219 Essen-Kettwig Telefon: 02054 9384808Fax: 02054 9384846Mail: gundi@rueckenwind-physiotherapie.de HRB: Amtsgericht Essen 21101Steuer-Nr.: 112\/5784\/0824, Finanzamt Essen-S\u00fcd Gesch\u00e4ftsf\u00fchrer: Gundula Mayer-Ansch\u00fctzRedaktionell verantwortlich: Gundula Mayer-Ansch\u00fctz<\/p>\n","protected":false},"author":1,"featured_media":0,"parent":0,"menu_order":0,"comment_status":"closed","ping_status":"closed","template":"","meta":{"_kad_post_transparent":"","_kad_post_title":"hide","_kad_post_layout":"fullwidth","_kad_post_sidebar_id":"","_kad_post_content_style":"unboxed","_kad_post_vertical_padding":"hide","_kad_post_feature":"hide","_kad_post_feature_position":"","_kad_post_header":false,"_kad_post_footer":false,"footnotes":""},"class_list":["post-182","page","type-page","status-publish","hentry"],"_links":{"self":[{"href":"https:\/\/rueckenwind-physiotherapie.de\/index.php?rest_route=\/wp\/v2\/pages\/182","targetHints":{"allow":["GET"]}}],"collection":[{"href":"https:\/\/rueckenwind-physiotherapie.de\/index.php?rest_route=\/wp\/v2\/pages"}],"about":[{"href":"https:\/\/rueckenwind-physiotherapie.de\/index.php?rest_route=\/wp\/v2\/types\/page"}],"author":[{"embeddable":true,"href":"https:\/\/rueckenwind-physiotherapie.de\/index.php?rest_route=\/wp\/v2\/users\/1"}],"replies":[{"embeddable":true,"href":"https:\/\/rueckenwind-physiotherapie.de\/index.php?rest_route=%2Fwp%2Fv2%2Fcomments&post=182"}],"version-history":[{"count":7,"href":"https:\/\/rueckenwind-physiotherapie.de\/index.php?rest_route=\/wp\/v2\/pages\/182\/revisions"}],"predecessor-version":[{"id":747,"href":"https:\/\/rueckenwind-physiotherapie.de\/index.php?rest_route=\/wp\/v2\/pages\/182\/revisions\/747"}],"wp:attachment":[{"href":"https:\/\/rueckenwind-physiotherapie.de\/index.php?rest_route=%2Fwp%2Fv2%2Fmedia&parent=182"}],"curies":[{"name":"wp","href":"https:\/\/api.w.org\/{rel}","templated":true}]}}