{"id":124,"date":"2024-05-07T12:46:18","date_gmt":"2024-05-07T12:46:18","guid":{"rendered":"https:\/\/new.rueckenwind-physiotherapie.de\/?page_id=124"},"modified":"2024-06-25T15:46:27","modified_gmt":"2024-06-25T15:46:27","slug":"angebot","status":"publish","type":"page","link":"https:\/\/rueckenwind-physiotherapie.de\/?page_id=124","title":{"rendered":"Angebot"},"content":{"rendered":"\t\t<div data-elementor-type=\"wp-page\" data-elementor-id=\"124\" class=\"elementor elementor-124\" data-elementor-post-type=\"page\">\n\t\t\t\t<div class=\"elementor-element elementor-element-70e76f4 e-flex e-con-boxed e-con e-parent\" data-id=\"70e76f4\" data-element_type=\"container\" data-settings=\"{&quot;background_background&quot;:&quot;slideshow&quot;,&quot;background_slideshow_gallery&quot;:[{&quot;id&quot;:709,&quot;url&quot;:&quot;https:\\\/\\\/rueckenwind-physiotherapie.de\\\/wp-content\\\/uploads\\\/2024\\\/06\\\/Geraete_1-scaled.jpg&quot;}],&quot;background_slideshow_loop&quot;:&quot;yes&quot;,&quot;background_slideshow_slide_duration&quot;:5000,&quot;background_slideshow_slide_transition&quot;:&quot;fade&quot;,&quot;background_slideshow_transition_duration&quot;:500}\">\n\t\t\t\t\t<div class=\"e-con-inner\">\n\t\t<div class=\"elementor-element elementor-element-7fa3799 e-flex e-con-boxed e-con e-child\" data-id=\"7fa3799\" data-element_type=\"container\">\n\t\t\t\t\t<div class=\"e-con-inner\">\n\t\t\t\t<div class=\"elementor-element elementor-element-27ce172 elementor-widget elementor-widget-spacer\" data-id=\"27ce172\" data-element_type=\"widget\" data-widget_type=\"spacer.default\">\n\t\t\t\t<div class=\"elementor-widget-container\">\n\t\t\t\t\t\t\t<div class=\"elementor-spacer\">\n\t\t\t<div class=\"elementor-spacer-inner\"><\/div>\n\t\t<\/div>\n\t\t\t\t\t\t<\/div>\n\t\t\t\t<\/div>\n\t\t\t\t<div class=\"elementor-element elementor-element-662af29 elementor-widget elementor-widget-heading\" data-id=\"662af29\" data-element_type=\"widget\" data-widget_type=\"heading.default\">\n\t\t\t\t<div class=\"elementor-widget-container\">\n\t\t\t\t\t<h2 class=\"elementor-heading-title elementor-size-default\">Unser Angebot und unsere Leistungen <br>\nVerschaffen Sie sich einen \u00dcberblick<\/h2>\t\t\t\t<\/div>\n\t\t\t\t<\/div>\n\t\t\t\t<div class=\"elementor-element elementor-element-df553c1 elementor-widget elementor-widget-spacer\" data-id=\"df553c1\" data-element_type=\"widget\" data-widget_type=\"spacer.default\">\n\t\t\t\t<div class=\"elementor-widget-container\">\n\t\t\t\t\t\t\t<div class=\"elementor-spacer\">\n\t\t\t<div class=\"elementor-spacer-inner\"><\/div>\n\t\t<\/div>\n\t\t\t\t\t\t<\/div>\n\t\t\t\t<\/div>\n\t\t\t\t\t<\/div>\n\t\t\t\t<\/div>\n\t\t\t\t\t<\/div>\n\t\t\t\t<\/div>\n\t\t<div class=\"elementor-element elementor-element-85686ee e-flex e-con-boxed e-con e-parent\" data-id=\"85686ee\" data-element_type=\"container\">\n\t\t\t\t\t<div class=\"e-con-inner\">\n\t\t\t\t<div class=\"elementor-element elementor-element-ab21911 elementor-widget elementor-widget-spacer\" data-id=\"ab21911\" data-element_type=\"widget\" data-widget_type=\"spacer.default\">\n\t\t\t\t<div class=\"elementor-widget-container\">\n\t\t\t\t\t\t\t<div class=\"elementor-spacer\">\n\t\t\t<div class=\"elementor-spacer-inner\"><\/div>\n\t\t<\/div>\n\t\t\t\t\t\t<\/div>\n\t\t\t\t<\/div>\n\t\t\t\t<div class=\"elementor-element elementor-element-43ef37c elementor-grid-1 elementor-posts--thumbnail-right elementor-grid-tablet-2 elementor-grid-mobile-1 elementor-widget elementor-widget-posts\" data-id=\"43ef37c\" data-element_type=\"widget\" data-settings=\"{&quot;classic_columns&quot;:&quot;1&quot;,&quot;classic_row_gap&quot;:{&quot;unit&quot;:&quot;px&quot;,&quot;size&quot;:40,&quot;sizes&quot;:[]},&quot;classic_columns_tablet&quot;:&quot;2&quot;,&quot;classic_columns_mobile&quot;:&quot;1&quot;,&quot;classic_row_gap_tablet&quot;:{&quot;unit&quot;:&quot;px&quot;,&quot;size&quot;:&quot;&quot;,&quot;sizes&quot;:[]},&quot;classic_row_gap_mobile&quot;:{&quot;unit&quot;:&quot;px&quot;,&quot;size&quot;:&quot;&quot;,&quot;sizes&quot;:[]}}\" data-widget_type=\"posts.classic\">\n\t\t\t\t<div class=\"elementor-widget-container\">\n\t\t\t\t\t\t\t<div class=\"elementor-posts-container elementor-posts elementor-posts--skin-classic elementor-grid\">\n\t\t\t\t<article class=\"elementor-post elementor-grid-item post-167 post type-post status-publish format-standard has-post-thumbnail hentry category-uncategorized\">\n\t\t\t\t<a class=\"elementor-post__thumbnail__link\" href=\"https:\/\/rueckenwind-physiotherapie.de\/?p=167\" tabindex=\"-1\" >\n\t\t\t<div class=\"elementor-post__thumbnail\"><img fetchpriority=\"high\" decoding=\"async\" width=\"768\" height=\"512\" src=\"https:\/\/rueckenwind-physiotherapie.de\/wp-content\/uploads\/2024\/05\/Manuelle-Therapie-768x512.jpg\" class=\"attachment-medium_large size-medium_large wp-image-476\" alt=\"\" srcset=\"https:\/\/rueckenwind-physiotherapie.de\/wp-content\/uploads\/2024\/05\/Manuelle-Therapie-768x512.jpg 768w, https:\/\/rueckenwind-physiotherapie.de\/wp-content\/uploads\/2024\/05\/Manuelle-Therapie-300x200.jpg 300w, https:\/\/rueckenwind-physiotherapie.de\/wp-content\/uploads\/2024\/05\/Manuelle-Therapie-1024x683.jpg 1024w, https:\/\/rueckenwind-physiotherapie.de\/wp-content\/uploads\/2024\/05\/Manuelle-Therapie-1536x1024.jpg 1536w, https:\/\/rueckenwind-physiotherapie.de\/wp-content\/uploads\/2024\/05\/Manuelle-Therapie-2048x1366.jpg 2048w\" sizes=\"(max-width: 768px) 100vw, 768px\" \/><\/div>\n\t\t<\/a>\n\t\t\t\t<div class=\"elementor-post__text\">\n\t\t\t\t<h3 class=\"elementor-post__title\">\n\t\t\t<a href=\"https:\/\/rueckenwind-physiotherapie.de\/?p=167\" >\n\t\t\t\tAllgem. Krankengymnastik\t\t\t<\/a>\n\t\t<\/h3>\n\t\t\t\t<div class=\"elementor-post__excerpt\">\n\t\t\t<p>Die allgemeine Krankengymnastik besteht aus einer Vielzahl therapeutischer Ma\u00dfnahmen zur Verbesserung von Kraft, Ausdauer, Gleichgewicht und Koordination sowie zur Linderung von Schmerzen durch funktionelle Bewegungsst\u00f6rungen.<\/p>\n\t\t<\/div>\n\t\t\n\t\t<a class=\"elementor-post__read-more\" href=\"https:\/\/rueckenwind-physiotherapie.de\/?p=167\" aria-label=\"Read more about Allgem. Krankengymnastik\" tabindex=\"-1\" >\n\t\t\tMehr lesen \u00bb\t\t<\/a>\n\n\t\t\t\t<\/div>\n\t\t\t\t<\/article>\n\t\t\t\t<article class=\"elementor-post elementor-grid-item post-145 post type-post status-publish format-standard has-post-thumbnail hentry category-uncategorized\">\n\t\t\t\t<a class=\"elementor-post__thumbnail__link\" href=\"https:\/\/rueckenwind-physiotherapie.de\/?p=145\" tabindex=\"-1\" >\n\t\t\t<div class=\"elementor-post__thumbnail\"><img decoding=\"async\" width=\"768\" height=\"512\" src=\"https:\/\/rueckenwind-physiotherapie.de\/wp-content\/uploads\/2024\/05\/Bobath-fuer-Kinder-und-Erwachsene-768x512.jpg\" class=\"attachment-medium_large size-medium_large wp-image-472\" alt=\"\" srcset=\"https:\/\/rueckenwind-physiotherapie.de\/wp-content\/uploads\/2024\/05\/Bobath-fuer-Kinder-und-Erwachsene-768x512.jpg 768w, https:\/\/rueckenwind-physiotherapie.de\/wp-content\/uploads\/2024\/05\/Bobath-fuer-Kinder-und-Erwachsene-300x200.jpg 300w, https:\/\/rueckenwind-physiotherapie.de\/wp-content\/uploads\/2024\/05\/Bobath-fuer-Kinder-und-Erwachsene.jpg 1024w\" sizes=\"(max-width: 768px) 100vw, 768px\" \/><\/div>\n\t\t<\/a>\n\t\t\t\t<div class=\"elementor-post__text\">\n\t\t\t\t<h3 class=\"elementor-post__title\">\n\t\t\t<a href=\"https:\/\/rueckenwind-physiotherapie.de\/?p=145\" >\n\t\t\t\tBobath f\u00fcr Kinder und Erwachsene\t\t\t<\/a>\n\t\t<\/h3>\n\t\t\t\t<div class=\"elementor-post__excerpt\">\n\t\t\t<p>Hierbei handelt es sich um eine Therapieform f\u00fcr Kinder, Jugendliche und Erwachsene mit angeborenen oder erworbenen St\u00f6rungen des zentralen Nervensystems, einhergehend mit sensomotorischen Einschr\u00e4nkungen und<\/p>\n\t\t<\/div>\n\t\t\n\t\t<a class=\"elementor-post__read-more\" href=\"https:\/\/rueckenwind-physiotherapie.de\/?p=145\" aria-label=\"Read more about Bobath f\u00fcr Kinder und Erwachsene\" tabindex=\"-1\" >\n\t\t\tMehr lesen \u00bb\t\t<\/a>\n\n\t\t\t\t<\/div>\n\t\t\t\t<\/article>\n\t\t\t\t<article class=\"elementor-post elementor-grid-item post-447 post type-post status-publish format-standard has-post-thumbnail hentry category-angebot\">\n\t\t\t\t<a class=\"elementor-post__thumbnail__link\" href=\"https:\/\/rueckenwind-physiotherapie.de\/?p=447\" tabindex=\"-1\" >\n\t\t\t<div class=\"elementor-post__thumbnail\"><img decoding=\"async\" width=\"768\" height=\"576\" src=\"https:\/\/rueckenwind-physiotherapie.de\/wp-content\/uploads\/2024\/05\/Golf-Physiotherapie-768x576.jpeg\" class=\"attachment-medium_large size-medium_large wp-image-700\" alt=\"\" srcset=\"https:\/\/rueckenwind-physiotherapie.de\/wp-content\/uploads\/2024\/05\/Golf-Physiotherapie-768x576.jpeg 768w, https:\/\/rueckenwind-physiotherapie.de\/wp-content\/uploads\/2024\/05\/Golf-Physiotherapie-300x225.jpeg 300w, https:\/\/rueckenwind-physiotherapie.de\/wp-content\/uploads\/2024\/05\/Golf-Physiotherapie.jpeg 800w\" sizes=\"(max-width: 768px) 100vw, 768px\" \/><\/div>\n\t\t<\/a>\n\t\t\t\t<div class=\"elementor-post__text\">\n\t\t\t\t<h3 class=\"elementor-post__title\">\n\t\t\t<a href=\"https:\/\/rueckenwind-physiotherapie.de\/?p=447\" >\n\t\t\t\tGolf-Physiotherapie\t\t\t<\/a>\n\t\t<\/h3>\n\t\t\t\t<div class=\"elementor-post__excerpt\">\n\t\t\t<p>Golf ist ein sehr beliebter Sport, der der Gesundheit zutr\u00e4glich sein kann &#8211; wenn er richtig betrieben wird. Es handelt sich um eine anspruchsvolle und<\/p>\n\t\t<\/div>\n\t\t\n\t\t<a class=\"elementor-post__read-more\" href=\"https:\/\/rueckenwind-physiotherapie.de\/?p=447\" aria-label=\"Read more about Golf-Physiotherapie\" tabindex=\"-1\" >\n\t\t\tMehr lesen \u00bb\t\t<\/a>\n\n\t\t\t\t<\/div>\n\t\t\t\t<\/article>\n\t\t\t\t<article class=\"elementor-post elementor-grid-item post-156 post type-post status-publish format-standard has-post-thumbnail hentry category-angebot\">\n\t\t\t\t<a class=\"elementor-post__thumbnail__link\" href=\"https:\/\/rueckenwind-physiotherapie.de\/?p=156\" tabindex=\"-1\" >\n\t\t\t<div class=\"elementor-post__thumbnail\"><img loading=\"lazy\" decoding=\"async\" width=\"768\" height=\"512\" src=\"https:\/\/rueckenwind-physiotherapie.de\/wp-content\/uploads\/2024\/05\/Kinesio-Tape-768x512.jpg\" class=\"attachment-medium_large size-medium_large wp-image-464\" alt=\"\" srcset=\"https:\/\/rueckenwind-physiotherapie.de\/wp-content\/uploads\/2024\/05\/Kinesio-Tape-768x512.jpg 768w, https:\/\/rueckenwind-physiotherapie.de\/wp-content\/uploads\/2024\/05\/Kinesio-Tape-300x200.jpg 300w, https:\/\/rueckenwind-physiotherapie.de\/wp-content\/uploads\/2024\/05\/Kinesio-Tape.jpg 1024w\" sizes=\"(max-width: 768px) 100vw, 768px\" \/><\/div>\n\t\t<\/a>\n\t\t\t\t<div class=\"elementor-post__text\">\n\t\t\t\t<h3 class=\"elementor-post__title\">\n\t\t\t<a href=\"https:\/\/rueckenwind-physiotherapie.de\/?p=156\" >\n\t\t\t\tKinesio Tape\t\t\t<\/a>\n\t\t<\/h3>\n\t\t\t\t<div class=\"elementor-post__excerpt\">\n\t\t\t<p>Kinesio Taping bezeichnet eine Therapie von Sportverletzungen und k\u00f6rperlichen Beeintr\u00e4chtigungen mit Hilfe eines Kinesio Tapes. Das Kinesio-Tape ist im Gegensatz zu herk\u00f6mmlichen Tapes elastisch.\u00a0 Es<\/p>\n\t\t<\/div>\n\t\t\n\t\t<a class=\"elementor-post__read-more\" href=\"https:\/\/rueckenwind-physiotherapie.de\/?p=156\" aria-label=\"Read more about Kinesio Tape\" tabindex=\"-1\" >\n\t\t\tMehr lesen \u00bb\t\t<\/a>\n\n\t\t\t\t<\/div>\n\t\t\t\t<\/article>\n\t\t\t\t<article class=\"elementor-post elementor-grid-item post-172 post type-post status-publish format-standard has-post-thumbnail hentry category-angebot\">\n\t\t\t\t<a class=\"elementor-post__thumbnail__link\" href=\"https:\/\/rueckenwind-physiotherapie.de\/?p=172\" tabindex=\"-1\" >\n\t\t\t<div class=\"elementor-post__thumbnail\"><img loading=\"lazy\" decoding=\"async\" width=\"768\" height=\"512\" src=\"https:\/\/rueckenwind-physiotherapie.de\/wp-content\/uploads\/2024\/05\/Klassische-Massage-768x512.jpg\" class=\"attachment-medium_large size-medium_large wp-image-446\" alt=\"\" srcset=\"https:\/\/rueckenwind-physiotherapie.de\/wp-content\/uploads\/2024\/05\/Klassische-Massage-768x512.jpg 768w, https:\/\/rueckenwind-physiotherapie.de\/wp-content\/uploads\/2024\/05\/Klassische-Massage-300x200.jpg 300w, https:\/\/rueckenwind-physiotherapie.de\/wp-content\/uploads\/2024\/05\/Klassische-Massage.jpg 1024w\" sizes=\"(max-width: 768px) 100vw, 768px\" \/><\/div>\n\t\t<\/a>\n\t\t\t\t<div class=\"elementor-post__text\">\n\t\t\t\t<h3 class=\"elementor-post__title\">\n\t\t\t<a href=\"https:\/\/rueckenwind-physiotherapie.de\/?p=172\" >\n\t\t\t\tKlassische Massagen\t\t\t<\/a>\n\t\t<\/h3>\n\t\t\t\t<div class=\"elementor-post__excerpt\">\n\t\t\t<p>Klassische Massage ist die \u00e4u\u00dferliche, manuelle Behandlung der Haut, des tieferliegenden Gewebes (Faszien) und der Muskulatur bei Beschwerden im Bereich des Bewegungsapparates durch Druck, Zug,<\/p>\n\t\t<\/div>\n\t\t\n\t\t<a class=\"elementor-post__read-more\" href=\"https:\/\/rueckenwind-physiotherapie.de\/?p=172\" aria-label=\"Read more about Klassische Massagen\" tabindex=\"-1\" >\n\t\t\tMehr lesen \u00bb\t\t<\/a>\n\n\t\t\t\t<\/div>\n\t\t\t\t<\/article>\n\t\t\t\t<article class=\"elementor-post elementor-grid-item post-131 post type-post status-publish format-standard has-post-thumbnail hentry category-angebot\">\n\t\t\t\t<a class=\"elementor-post__thumbnail__link\" href=\"https:\/\/rueckenwind-physiotherapie.de\/?p=131\" tabindex=\"-1\" >\n\t\t\t<div class=\"elementor-post__thumbnail\"><img loading=\"lazy\" decoding=\"async\" width=\"768\" height=\"845\" src=\"https:\/\/rueckenwind-physiotherapie.de\/wp-content\/uploads\/2024\/05\/Krankengymnastik-am-Geraet-768x845.jpg\" class=\"attachment-medium_large size-medium_large wp-image-480\" alt=\"\" srcset=\"https:\/\/rueckenwind-physiotherapie.de\/wp-content\/uploads\/2024\/05\/Krankengymnastik-am-Geraet-768x845.jpg 768w, https:\/\/rueckenwind-physiotherapie.de\/wp-content\/uploads\/2024\/05\/Krankengymnastik-am-Geraet-273x300.jpg 273w, https:\/\/rueckenwind-physiotherapie.de\/wp-content\/uploads\/2024\/05\/Krankengymnastik-am-Geraet-931x1024.jpg 931w, https:\/\/rueckenwind-physiotherapie.de\/wp-content\/uploads\/2024\/05\/Krankengymnastik-am-Geraet.jpg 1024w\" sizes=\"(max-width: 768px) 100vw, 768px\" \/><\/div>\n\t\t<\/a>\n\t\t\t\t<div class=\"elementor-post__text\">\n\t\t\t\t<h3 class=\"elementor-post__title\">\n\t\t\t<a href=\"https:\/\/rueckenwind-physiotherapie.de\/?p=131\" >\n\t\t\t\tKrankengymnastik am Ger\u00e4t\t\t\t<\/a>\n\t\t<\/h3>\n\t\t\t\t<div class=\"elementor-post__excerpt\">\n\t\t\t<p>Sowohl bei R\u00fcckenschmerzen, Schmerzen im Schulter- und Nackenbereich, Problemen mit den H\u00fcft- oder Kniegelenken oder stressbedingten Verspannungen kann die ger\u00e4tegest\u00fctzte Krankengymnastik zum Einsatz kommen. Bei<\/p>\n\t\t<\/div>\n\t\t\n\t\t<a class=\"elementor-post__read-more\" href=\"https:\/\/rueckenwind-physiotherapie.de\/?p=131\" aria-label=\"Read more about Krankengymnastik am Ger\u00e4t\" tabindex=\"-1\" >\n\t\t\tMehr lesen \u00bb\t\t<\/a>\n\n\t\t\t\t<\/div>\n\t\t\t\t<\/article>\n\t\t\t\t<article class=\"elementor-post elementor-grid-item post-151 post type-post status-publish format-standard has-post-thumbnail hentry category-uncategorized\">\n\t\t\t\t<a class=\"elementor-post__thumbnail__link\" href=\"https:\/\/rueckenwind-physiotherapie.de\/?p=151\" tabindex=\"-1\" >\n\t\t\t<div class=\"elementor-post__thumbnail\"><img loading=\"lazy\" decoding=\"async\" width=\"768\" height=\"495\" src=\"https:\/\/rueckenwind-physiotherapie.de\/wp-content\/uploads\/2024\/05\/Lymphdrainage-1-768x495.jpg\" class=\"attachment-medium_large size-medium_large wp-image-699\" alt=\"\" srcset=\"https:\/\/rueckenwind-physiotherapie.de\/wp-content\/uploads\/2024\/05\/Lymphdrainage-1-768x495.jpg 768w, https:\/\/rueckenwind-physiotherapie.de\/wp-content\/uploads\/2024\/05\/Lymphdrainage-1-300x193.jpg 300w, https:\/\/rueckenwind-physiotherapie.de\/wp-content\/uploads\/2024\/05\/Lymphdrainage-1.jpg 1024w\" sizes=\"(max-width: 768px) 100vw, 768px\" \/><\/div>\n\t\t<\/a>\n\t\t\t\t<div class=\"elementor-post__text\">\n\t\t\t\t<h3 class=\"elementor-post__title\">\n\t\t\t<a href=\"https:\/\/rueckenwind-physiotherapie.de\/?p=151\" >\n\t\t\t\tLymphdrainage\t\t\t<\/a>\n\t\t<\/h3>\n\t\t\t\t<div class=\"elementor-post__excerpt\">\n\t\t\t<p>Die manuelle Lymphdrainage ist eine spezielle Art der medizinischen Massage. Dabei wird der Transport der Lymphfl\u00fcssigkeit in den Lymphgef\u00e4\u00dfen durch sanfte Grifftechniken angeregt. Sie ist<\/p>\n\t\t<\/div>\n\t\t\n\t\t<a class=\"elementor-post__read-more\" href=\"https:\/\/rueckenwind-physiotherapie.de\/?p=151\" aria-label=\"Read more about Lymphdrainage\" tabindex=\"-1\" >\n\t\t\tMehr lesen \u00bb\t\t<\/a>\n\n\t\t\t\t<\/div>\n\t\t\t\t<\/article>\n\t\t\t\t<article class=\"elementor-post elementor-grid-item post-140 post type-post status-publish format-standard has-post-thumbnail hentry category-angebot\">\n\t\t\t\t<a class=\"elementor-post__thumbnail__link\" href=\"https:\/\/rueckenwind-physiotherapie.de\/?p=140\" tabindex=\"-1\" >\n\t\t\t<div class=\"elementor-post__thumbnail\"><img loading=\"lazy\" decoding=\"async\" width=\"768\" height=\"512\" src=\"https:\/\/rueckenwind-physiotherapie.de\/wp-content\/uploads\/2024\/05\/Allgemeine-Physiotherapie-768x512.jpg\" class=\"attachment-medium_large size-medium_large wp-image-457\" alt=\"\" srcset=\"https:\/\/rueckenwind-physiotherapie.de\/wp-content\/uploads\/2024\/05\/Allgemeine-Physiotherapie-768x512.jpg 768w, https:\/\/rueckenwind-physiotherapie.de\/wp-content\/uploads\/2024\/05\/Allgemeine-Physiotherapie-300x200.jpg 300w, https:\/\/rueckenwind-physiotherapie.de\/wp-content\/uploads\/2024\/05\/Allgemeine-Physiotherapie.jpg 1024w\" sizes=\"(max-width: 768px) 100vw, 768px\" \/><\/div>\n\t\t<\/a>\n\t\t\t\t<div class=\"elementor-post__text\">\n\t\t\t\t<h3 class=\"elementor-post__title\">\n\t\t\t<a href=\"https:\/\/rueckenwind-physiotherapie.de\/?p=140\" >\n\t\t\t\tManuelle Therapie\t\t\t<\/a>\n\t\t<\/h3>\n\t\t\t\t<div class=\"elementor-post__excerpt\">\n\t\t\t<p>Die Manuelle Therapie ist ein Behandlungsansatz, bei dem Funktionsst\u00f6rungen des Bewegungsapparates untersucht und behandelt werden. Grundlage der Manuellen Therapie sind spezielle Handgriff- und Mobilisationstechniken, bei<\/p>\n\t\t<\/div>\n\t\t\n\t\t<a class=\"elementor-post__read-more\" href=\"https:\/\/rueckenwind-physiotherapie.de\/?p=140\" aria-label=\"Read more about Manuelle Therapie\" tabindex=\"-1\" >\n\t\t\tMehr lesen \u00bb\t\t<\/a>\n\n\t\t\t\t<\/div>\n\t\t\t\t<\/article>\n\t\t\t\t<article class=\"elementor-post elementor-grid-item post-162 post type-post status-publish format-standard has-post-thumbnail hentry category-uncategorized\">\n\t\t\t\t<a class=\"elementor-post__thumbnail__link\" href=\"https:\/\/rueckenwind-physiotherapie.de\/?p=162\" tabindex=\"-1\" >\n\t\t\t<div class=\"elementor-post__thumbnail\"><img loading=\"lazy\" decoding=\"async\" width=\"768\" height=\"256\" src=\"https:\/\/rueckenwind-physiotherapie.de\/wp-content\/uploads\/2024\/05\/PNF-768x256.jpg\" class=\"attachment-medium_large size-medium_large wp-image-460\" alt=\"\" srcset=\"https:\/\/rueckenwind-physiotherapie.de\/wp-content\/uploads\/2024\/05\/PNF-768x256.jpg 768w, https:\/\/rueckenwind-physiotherapie.de\/wp-content\/uploads\/2024\/05\/PNF-300x100.jpg 300w, https:\/\/rueckenwind-physiotherapie.de\/wp-content\/uploads\/2024\/05\/PNF.jpg 1024w\" sizes=\"(max-width: 768px) 100vw, 768px\" \/><\/div>\n\t\t<\/a>\n\t\t\t\t<div class=\"elementor-post__text\">\n\t\t\t\t<h3 class=\"elementor-post__title\">\n\t\t\t<a href=\"https:\/\/rueckenwind-physiotherapie.de\/?p=162\" >\n\t\t\t\tPropriozeptive Neuromuskul\u00e4re Fazilitation PNF\t\t\t<\/a>\n\t\t<\/h3>\n\t\t\t\t<div class=\"elementor-post__excerpt\">\n\t\t\t<p>PNF steht f\u00fcr \u201ePropriozeptive Neuromuskul\u00e4re Fazilitation\u201c. &nbsp;Ihr K\u00f6rper verf\u00fcgt \u00fcber unterschiedliche Sinnesorgane. Durch die so genannten Bewegungsf\u00fchler (Rezeptoren) nehmen Sie wahr, wie Ihr K\u00f6rper sich<\/p>\n\t\t<\/div>\n\t\t\n\t\t<a class=\"elementor-post__read-more\" href=\"https:\/\/rueckenwind-physiotherapie.de\/?p=162\" aria-label=\"Read more about Propriozeptive Neuromuskul\u00e4re Fazilitation PNF\" tabindex=\"-1\" >\n\t\t\tMehr lesen \u00bb\t\t<\/a>\n\n\t\t\t\t<\/div>\n\t\t\t\t<\/article>\n\t\t\t\t<\/div>\n\t\t\n\t\t\t\t\t\t<\/div>\n\t\t\t\t<\/div>\n\t\t\t\t\t<\/div>\n\t\t\t\t<\/div>\n\t\t\t\t<\/div>\n\t\t","protected":false},"excerpt":{"rendered":"<p>Unser Angebot und unsere Leistungen Verschaffen Sie sich einen \u00dcberblick<\/p>\n","protected":false},"author":1,"featured_media":0,"parent":0,"menu_order":0,"comment_status":"closed","ping_status":"closed","template":"","meta":{"_kad_post_transparent":"","_kad_post_title":"hide","_kad_post_layout":"fullwidth","_kad_post_sidebar_id":"","_kad_post_content_style":"unboxed","_kad_post_vertical_padding":"hide","_kad_post_feature":"hide","_kad_post_feature_position":"","_kad_post_header":false,"_kad_post_footer":false,"footnotes":""},"class_list":["post-124","page","type-page","status-publish","hentry"],"_links":{"self":[{"href":"https:\/\/rueckenwind-physiotherapie.de\/index.php?rest_route=\/wp\/v2\/pages\/124","targetHints":{"allow":["GET"]}}],"collection":[{"href":"https:\/\/rueckenwind-physiotherapie.de\/index.php?rest_route=\/wp\/v2\/pages"}],"about":[{"href":"https:\/\/rueckenwind-physiotherapie.de\/index.php?rest_route=\/wp\/v2\/types\/page"}],"author":[{"embeddable":true,"href":"https:\/\/rueckenwind-physiotherapie.de\/index.php?rest_route=\/wp\/v2\/users\/1"}],"replies":[{"embeddable":true,"href":"https:\/\/rueckenwind-physiotherapie.de\/index.php?rest_route=%2Fwp%2Fv2%2Fcomments&post=124"}],"version-history":[{"count":46,"href":"https:\/\/rueckenwind-physiotherapie.de\/index.php?rest_route=\/wp\/v2\/pages\/124\/revisions"}],"predecessor-version":[{"id":744,"href":"https:\/\/rueckenwind-physiotherapie.de\/index.php?rest_route=\/wp\/v2\/pages\/124\/revisions\/744"}],"wp:attachment":[{"href":"https:\/\/rueckenwind-physiotherapie.de\/index.php?rest_route=%2Fwp%2Fv2%2Fmedia&parent=124"}],"curies":[{"name":"wp","href":"https:\/\/api.w.org\/{rel}","templated":true}]}}